{"id":6104,"date":"2024-01-18T23:07:35","date_gmt":"2024-01-18T23:07:35","guid":{"rendered":"https:\/\/cedron-bio.com\/?page_id=6104"},"modified":"2025-01-24T14:02:37","modified_gmt":"2025-01-24T14:02:37","slug":"inicio","status":"publish","type":"page","link":"https:\/\/bio-cedron.com\/cedron-bio\/es\/inicio\/","title":{"rendered":"Inicio"},"content":{"rendered":"\t\t<div data-elementor-type=\"wp-page\" data-elementor-id=\"6104\" class=\"elementor elementor-6104\" data-elementor-post-type=\"page\">\n\t\t\t\t<div class=\"elementor-element elementor-element-93be375 e-con-full elementor-hidden-tablet elementor-hidden-mobile e-flex wpr-particle-no wpr-jarallax-no wpr-parallax-no wpr-sticky-section-no wpr-equal-height-no e-con e-parent\" data-id=\"93be375\" data-element_type=\"container\" data-e-type=\"container\">\n\t\t\t\t<div class=\"elementor-element elementor-element-5a906dd elementor-widget elementor-widget-video\" data-id=\"5a906dd\" data-element_type=\"widget\" data-e-type=\"widget\" data-settings=\"{&quot;video_type&quot;:&quot;hosted&quot;,&quot;start&quot;:1,&quot;show_image_overlay&quot;:&quot;yes&quot;,&quot;image_overlay&quot;:{&quot;url&quot;:&quot;https:\\\/\\\/bio-cedron.com\\\/wp-content\\\/uploads\\\/2023\\\/12\\\/Video-Cedron-Image-couverture.jpg&quot;,&quot;id&quot;:4892,&quot;size&quot;:&quot;&quot;,&quot;alt&quot;:&quot;&quot;,&quot;source&quot;:&quot;library&quot;},&quot;controls&quot;:&quot;yes&quot;}\" data-widget_type=\"video.default\">\n\t\t\t\t<div class=\"elementor-widget-container\">\n\t\t\t\t\t\t\t<div class=\"e-hosted-video elementor-wrapper elementor-open-inline\">\n\t\t\t\t\t<video class=\"elementor-video\" src=\"https:\/\/bio-cedron.com\/wp-content\/uploads\/2023\/12\/CEDRON-VIDEO-CORP-VOZ-SIMONE-OPT_1.mp4#t=1\" controls=\"\" preload=\"metadata\" controlsList=\"nodownload\"><\/video>\n\t\t\t\t\t\t<div class=\"elementor-custom-embed-image-overlay\" style=\"background-image: url(https:\/\/bio-cedron.com\/wp-content\/uploads\/2023\/12\/Video-Cedron-Image-couverture-1536x864.jpg);\">\n\t\t\t\t\t\t\t\t\t\t\t\t\t\t\t\t<div class=\"elementor-custom-embed-play\" role=\"button\" aria-label=\"Play Video\" tabindex=\"0\">\n\t\t\t\t\t\t\t<i aria-hidden=\"true\" class=\"fas fa-play-circle\"><\/i>\t\t\t\t\t\t<\/div>\n\t\t\t\t\t\t\t\t\t<\/div>\n\t\t\t\t\t<\/div>\n\t\t\t\t\t\t<\/div>\n\t\t\t\t<\/div>\n\t\t\t\t<\/div>\n\t\t<div class=\"elementor-element elementor-element-73526b8 e-con-full elementor-hidden-desktop e-flex wpr-particle-no wpr-jarallax-no wpr-parallax-no wpr-sticky-section-no wpr-equal-height-no e-con e-parent\" data-id=\"73526b8\" data-element_type=\"container\" data-e-type=\"container\" data-settings=\"{&quot;background_background&quot;:&quot;classic&quot;}\">\n\t\t<div class=\"elementor-element elementor-element-30f247a e-flex e-con-boxed wpr-particle-no wpr-jarallax-no wpr-parallax-no wpr-sticky-section-no wpr-equal-height-no e-con e-child\" data-id=\"30f247a\" data-element_type=\"container\" data-e-type=\"container\" data-settings=\"{&quot;animation_mobile&quot;:&quot;fadeIn&quot;}\">\n\t\t\t\t\t<div class=\"e-con-inner\">\n\t\t\t\t<div class=\"elementor-element elementor-element-214991e elementor-widget elementor-widget-image\" data-id=\"214991e\" data-element_type=\"widget\" data-e-type=\"widget\" data-settings=\"{&quot;_animation_mobile&quot;:&quot;fadeIn&quot;}\" data-widget_type=\"image.default\">\n\t\t\t\t<div class=\"elementor-widget-container\">\n\t\t\t\t\t\t\t\t\t\t\t\t\t\t\t<img decoding=\"async\" width=\"549\" height=\"37\" src=\"https:\/\/bio-cedron.com\/wp-content\/uploads\/2023\/06\/Ligne-citron-milieu-accueil.png\" class=\"attachment-large size-large wp-image-1521\" alt=\"\" srcset=\"https:\/\/bio-cedron.com\/wp-content\/uploads\/2023\/06\/Ligne-citron-milieu-accueil.png 549w, https:\/\/bio-cedron.com\/wp-content\/uploads\/2023\/06\/Ligne-citron-milieu-accueil-300x20.png 300w, https:\/\/bio-cedron.com\/wp-content\/uploads\/2023\/06\/Ligne-citron-milieu-accueil-200x13.png 200w\" sizes=\"(max-width: 549px) 100vw, 549px\" \/>\t\t\t\t\t\t\t\t\t\t\t\t\t\t\t<\/div>\n\t\t\t\t<\/div>\n\t\t\t\t<div class=\"elementor-element elementor-element-07c0fa2 text elementor-widget elementor-widget-heading\" data-id=\"07c0fa2\" data-element_type=\"widget\" data-e-type=\"widget\" data-widget_type=\"heading.default\">\n\t\t\t\t<div class=\"elementor-widget-container\">\n\t\t\t\t\t<h2 class=\"elementor-heading-title elementor-size-default\">Referente Europeo de limones biodin\u00e1micos<\/h2>\t\t\t\t<\/div>\n\t\t\t\t<\/div>\n\t\t\t\t<div class=\"elementor-element elementor-element-e6ebb58 elementor-widget elementor-widget-image\" data-id=\"e6ebb58\" data-element_type=\"widget\" data-e-type=\"widget\" data-settings=\"{&quot;_animation_mobile&quot;:&quot;fadeIn&quot;}\" data-widget_type=\"image.default\">\n\t\t\t\t<div class=\"elementor-widget-container\">\n\t\t\t\t\t\t\t\t\t\t\t\t\t\t\t<img decoding=\"async\" width=\"549\" height=\"37\" src=\"https:\/\/bio-cedron.com\/wp-content\/uploads\/2023\/06\/Ligne-citron-milieu-accueil.png\" class=\"attachment-large size-large wp-image-1521\" alt=\"\" srcset=\"https:\/\/bio-cedron.com\/wp-content\/uploads\/2023\/06\/Ligne-citron-milieu-accueil.png 549w, https:\/\/bio-cedron.com\/wp-content\/uploads\/2023\/06\/Ligne-citron-milieu-accueil-300x20.png 300w, https:\/\/bio-cedron.com\/wp-content\/uploads\/2023\/06\/Ligne-citron-milieu-accueil-200x13.png 200w\" sizes=\"(max-width: 549px) 100vw, 549px\" \/>\t\t\t\t\t\t\t\t\t\t\t\t\t\t\t<\/div>\n\t\t\t\t<\/div>\n\t\t\t\t<div class=\"elementor-element elementor-element-e4dfe00 elementor-view-default elementor-widget elementor-widget-icon\" data-id=\"e4dfe00\" data-element_type=\"widget\" data-e-type=\"widget\" data-settings=\"{&quot;_animation_mobile&quot;:&quot;fadeIn&quot;}\" data-widget_type=\"icon.default\">\n\t\t\t\t<div class=\"elementor-widget-container\">\n\t\t\t\t\t\t\t<div class=\"elementor-icon-wrapper\">\n\t\t\t<a class=\"elementor-icon\" href=\"#elementor-action%3Aaction%3Dlightbox%26settings%3DeyJ0eXBlIjoidmlkZW8iLCJ2aWRlb1R5cGUiOiJob3N0ZWQiLCJ1cmwiOiJodHRwczpcL1wvY2Vkcm9uLWJpby5jb21cL3dwLWNvbnRlbnRcL3VwbG9hZHNcLzIwMjNcLzEyXC9DRURST04tVklERU8tQ09SUC1WT1otU0lNT05FLU9QVF8xLm1wNCJ9\">\n\t\t\t<i aria-hidden=\"true\" class=\"far fa-play-circle\"><\/i>\t\t\t<\/a>\n\t\t<\/div>\n\t\t\t\t\t\t<\/div>\n\t\t\t\t<\/div>\n\t\t\t\t\t<\/div>\n\t\t\t\t<\/div>\n\t\t\t\t<\/div>\n\t\t\t\t<\/div>\n\t\t","protected":false},"excerpt":{"rendered":"<p>https:\/\/bio-cedron.com\/wp-content\/uploads\/2023\/12\/CEDRON-VIDEO-CORP-VOZ-SIMONE-OPT_1.mp4#t=1 Referente Europeo de limones biodin\u00e1micos<\/p>\n","protected":false},"author":2,"featured_media":4892,"parent":0,"menu_order":0,"comment_status":"closed","ping_status":"closed","template":"","meta":{"site-sidebar-layout":"no-sidebar","site-content-layout":"","ast-site-content-layout":"full-width-container","site-content-style":"default","site-sidebar-style":"default","ast-global-header-display":"","ast-banner-title-visibility":"","ast-main-header-display":"","ast-hfb-above-header-display":"","ast-hfb-below-header-display":"","ast-hfb-mobile-header-display":"","site-post-title":"disabled","ast-breadcrumbs-content":"","ast-featured-img":"disabled","footer-sml-layout":"","ast-disable-related-posts":"","theme-transparent-header-meta":"","adv-header-id-meta":"","stick-header-meta":"","header-above-stick-meta":"","header-main-stick-meta":"","header-below-stick-meta":"","astra-migrate-meta-layouts":"default","ast-page-background-enabled":"default","ast-page-background-meta":{"desktop":{"background-color":"var(--ast-global-color-4)","background-image":"","background-repeat":"repeat","background-position":"center center","background-size":"auto","background-attachment":"scroll","background-type":"","background-media":"","overlay-type":"","overlay-color":"","overlay-opacity":"","overlay-gradient":""},"tablet":{"background-color":"","background-image":"","background-repeat":"repeat","background-position":"center center","background-size":"auto","background-attachment":"scroll","background-type":"","background-media":"","overlay-type":"","overlay-color":"","overlay-opacity":"","overlay-gradient":""},"mobile":{"background-color":"","background-image":"","background-repeat":"repeat","background-position":"center center","background-size":"auto","background-attachment":"scroll","background-type":"","background-media":"","overlay-type":"","overlay-color":"","overlay-opacity":"","overlay-gradient":""}},"ast-content-background-meta":{"desktop":{"background-color":"var(--ast-global-color-5)","background-image":"","background-repeat":"repeat","background-position":"center center","background-size":"auto","background-attachment":"scroll","background-type":"","background-media":"","overlay-type":"","overlay-color":"","overlay-opacity":"","overlay-gradient":""},"tablet":{"background-color":"var(--ast-global-color-5)","background-image":"","background-repeat":"repeat","background-position":"center center","background-size":"auto","background-attachment":"scroll","background-type":"","background-media":"","overlay-type":"","overlay-color":"","overlay-opacity":"","overlay-gradient":""},"mobile":{"background-color":"var(--ast-global-color-5)","background-image":"","background-repeat":"repeat","background-position":"center center","background-size":"auto","background-attachment":"scroll","background-type":"","background-media":"","overlay-type":"","overlay-color":"","overlay-opacity":"","overlay-gradient":""}},"footnotes":""},"class_list":["post-6104","page","type-page","status-publish","has-post-thumbnail","hentry"],"yoast_head":"<!-- This site is optimized with the Yoast SEO plugin v27.4 - https:\/\/yoast.com\/product\/yoast-seo-wordpress\/ -->\n<title>Cedr\u00f3n | La vie en un fruit !<\/title>\n<meta name=\"description\" content=\"Cedr\u00f2n, le comptoir europ\u00e9en du citron biodynamique. Chez Cedr\u00f2n, nous prenons soin de vous et de notre plan\u00e8te !\" \/>\n<meta name=\"robots\" content=\"index, follow, max-snippet:-1, max-image-preview:large, max-video-preview:-1\" \/>\n<link rel=\"canonical\" href=\"https:\/\/bio-cedron.com\/cedron-bio\/es\/inicio\/\" \/>\n<meta property=\"og:locale\" content=\"fr_FR\" \/>\n<meta property=\"og:type\" content=\"article\" \/>\n<meta property=\"og:title\" content=\"Cedr\u00f3n | La vie en un fruit !\" \/>\n<meta property=\"og:description\" content=\"Cedr\u00f2n, le comptoir europ\u00e9en du citron biodynamique. Chez Cedr\u00f2n, nous prenons soin de vous et de notre plan\u00e8te !\" \/>\n<meta property=\"og:url\" content=\"https:\/\/bio-cedron.com\/cedron-bio\/es\/inicio\/\" \/>\n<meta property=\"og:site_name\" content=\"Cedr\u00f3n\" \/>\n<meta property=\"article:modified_time\" content=\"2025-01-24T14:02:37+00:00\" \/>\n<meta property=\"og:image\" content=\"https:\/\/bio-cedron.com\/wp-content\/uploads\/2023\/12\/Video-Cedron-Image-couverture.jpg\" \/>\n\t<meta property=\"og:image:width\" content=\"1920\" \/>\n\t<meta property=\"og:image:height\" content=\"1080\" \/>\n\t<meta property=\"og:image:type\" content=\"image\/jpeg\" \/>\n<meta name=\"twitter:card\" content=\"summary_large_image\" \/>\n<meta name=\"twitter:label1\" content=\"Dur\u00e9e de lecture estim\u00e9e\" \/>\n\t<meta name=\"twitter:data1\" content=\"1 minute\" \/>\n<script type=\"application\/ld+json\" class=\"yoast-schema-graph\">{\"@context\":\"https:\\\/\\\/schema.org\",\"@graph\":[{\"@type\":\"WebPage\",\"@id\":\"https:\\\/\\\/bio-cedron.com\\\/cedron-bio\\\/es\\\/inicio\\\/\",\"url\":\"https:\\\/\\\/bio-cedron.com\\\/cedron-bio\\\/es\\\/inicio\\\/\",\"name\":\"Cedr\u00f3n | La vie en un fruit !\",\"isPartOf\":{\"@id\":\"https:\\\/\\\/bio-cedron.com\\\/cedron-bio\\\/#website\"},\"primaryImageOfPage\":{\"@id\":\"https:\\\/\\\/bio-cedron.com\\\/cedron-bio\\\/es\\\/inicio\\\/#primaryimage\"},\"image\":{\"@id\":\"https:\\\/\\\/bio-cedron.com\\\/cedron-bio\\\/es\\\/inicio\\\/#primaryimage\"},\"thumbnailUrl\":\"https:\\\/\\\/bio-cedron.com\\\/wp-content\\\/uploads\\\/2023\\\/12\\\/Video-Cedron-Image-couverture.jpg\",\"datePublished\":\"2024-01-18T23:07:35+00:00\",\"dateModified\":\"2025-01-24T14:02:37+00:00\",\"description\":\"Cedr\u00f2n, le comptoir europ\u00e9en du citron biodynamique. Chez Cedr\u00f2n, nous prenons soin de vous et de notre plan\u00e8te !\",\"breadcrumb\":{\"@id\":\"https:\\\/\\\/bio-cedron.com\\\/cedron-bio\\\/es\\\/inicio\\\/#breadcrumb\"},\"inLanguage\":\"fr-FR\",\"potentialAction\":[{\"@type\":\"ReadAction\",\"target\":[\"https:\\\/\\\/bio-cedron.com\\\/cedron-bio\\\/es\\\/inicio\\\/\"]}]},{\"@type\":\"ImageObject\",\"inLanguage\":\"fr-FR\",\"@id\":\"https:\\\/\\\/bio-cedron.com\\\/cedron-bio\\\/es\\\/inicio\\\/#primaryimage\",\"url\":\"https:\\\/\\\/bio-cedron.com\\\/wp-content\\\/uploads\\\/2023\\\/12\\\/Video-Cedron-Image-couverture.jpg\",\"contentUrl\":\"https:\\\/\\\/bio-cedron.com\\\/wp-content\\\/uploads\\\/2023\\\/12\\\/Video-Cedron-Image-couverture.jpg\",\"width\":1920,\"height\":1080},{\"@type\":\"BreadcrumbList\",\"@id\":\"https:\\\/\\\/bio-cedron.com\\\/cedron-bio\\\/es\\\/inicio\\\/#breadcrumb\",\"itemListElement\":[{\"@type\":\"ListItem\",\"position\":1,\"name\":\"Accueil\",\"item\":\"https:\\\/\\\/bio-cedron.com\\\/cedron-bio\\\/\"},{\"@type\":\"ListItem\",\"position\":2,\"name\":\"Inicio\"}]},{\"@type\":\"WebSite\",\"@id\":\"https:\\\/\\\/bio-cedron.com\\\/cedron-bio\\\/#website\",\"url\":\"https:\\\/\\\/bio-cedron.com\\\/cedron-bio\\\/\",\"name\":\"Cedr\u00f2n\",\"description\":\"La vie en un fruit !\",\"publisher\":{\"@id\":\"https:\\\/\\\/bio-cedron.com\\\/cedron-bio\\\/#organization\"},\"potentialAction\":[{\"@type\":\"SearchAction\",\"target\":{\"@type\":\"EntryPoint\",\"urlTemplate\":\"https:\\\/\\\/bio-cedron.com\\\/cedron-bio\\\/?s={search_term_string}\"},\"query-input\":{\"@type\":\"PropertyValueSpecification\",\"valueRequired\":true,\"valueName\":\"search_term_string\"}}],\"inLanguage\":\"fr-FR\"},{\"@type\":\"Organization\",\"@id\":\"https:\\\/\\\/bio-cedron.com\\\/cedron-bio\\\/#organization\",\"name\":\"Cedr\u00f2n\",\"url\":\"https:\\\/\\\/bio-cedron.com\\\/cedron-bio\\\/\",\"logo\":{\"@type\":\"ImageObject\",\"inLanguage\":\"fr-FR\",\"@id\":\"https:\\\/\\\/bio-cedron.com\\\/cedron-bio\\\/#\\\/schema\\\/logo\\\/image\\\/\",\"url\":\"https:\\\/\\\/bio-cedron.com\\\/wp-content\\\/uploads\\\/2022\\\/10\\\/LOGO-CEDRON-1.png\",\"contentUrl\":\"https:\\\/\\\/bio-cedron.com\\\/wp-content\\\/uploads\\\/2022\\\/10\\\/LOGO-CEDRON-1.png\",\"width\":2856,\"height\":1023,\"caption\":\"Cedr\u00f2n\"},\"image\":{\"@id\":\"https:\\\/\\\/bio-cedron.com\\\/cedron-bio\\\/#\\\/schema\\\/logo\\\/image\\\/\"},\"sameAs\":[\"https:\\\/\\\/www.instagram.com\\\/cedron_bio\\\/\"]}]}<\/script>\n<!-- \/ Yoast SEO plugin. -->","yoast_head_json":{"title":"Cedr\u00f3n | La vie en un fruit !","description":"Cedr\u00f2n, le comptoir europ\u00e9en du citron biodynamique. Chez Cedr\u00f2n, nous prenons soin de vous et de notre plan\u00e8te !","robots":{"index":"index","follow":"follow","max-snippet":"max-snippet:-1","max-image-preview":"max-image-preview:large","max-video-preview":"max-video-preview:-1"},"canonical":"https:\/\/bio-cedron.com\/cedron-bio\/es\/inicio\/","og_locale":"fr_FR","og_type":"article","og_title":"Cedr\u00f3n | La vie en un fruit !","og_description":"Cedr\u00f2n, le comptoir europ\u00e9en du citron biodynamique. Chez Cedr\u00f2n, nous prenons soin de vous et de notre plan\u00e8te !","og_url":"https:\/\/bio-cedron.com\/cedron-bio\/es\/inicio\/","og_site_name":"Cedr\u00f3n","article_modified_time":"2025-01-24T14:02:37+00:00","og_image":[{"width":1920,"height":1080,"url":"https:\/\/bio-cedron.com\/wp-content\/uploads\/2023\/12\/Video-Cedron-Image-couverture.jpg","type":"image\/jpeg"}],"twitter_card":"summary_large_image","twitter_misc":{"Dur\u00e9e de lecture estim\u00e9e":"1 minute"},"schema":{"@context":"https:\/\/schema.org","@graph":[{"@type":"WebPage","@id":"https:\/\/bio-cedron.com\/cedron-bio\/es\/inicio\/","url":"https:\/\/bio-cedron.com\/cedron-bio\/es\/inicio\/","name":"Cedr\u00f3n | La vie en un fruit !","isPartOf":{"@id":"https:\/\/bio-cedron.com\/cedron-bio\/#website"},"primaryImageOfPage":{"@id":"https:\/\/bio-cedron.com\/cedron-bio\/es\/inicio\/#primaryimage"},"image":{"@id":"https:\/\/bio-cedron.com\/cedron-bio\/es\/inicio\/#primaryimage"},"thumbnailUrl":"https:\/\/bio-cedron.com\/wp-content\/uploads\/2023\/12\/Video-Cedron-Image-couverture.jpg","datePublished":"2024-01-18T23:07:35+00:00","dateModified":"2025-01-24T14:02:37+00:00","description":"Cedr\u00f2n, le comptoir europ\u00e9en du citron biodynamique. Chez Cedr\u00f2n, nous prenons soin de vous et de notre plan\u00e8te !","breadcrumb":{"@id":"https:\/\/bio-cedron.com\/cedron-bio\/es\/inicio\/#breadcrumb"},"inLanguage":"fr-FR","potentialAction":[{"@type":"ReadAction","target":["https:\/\/bio-cedron.com\/cedron-bio\/es\/inicio\/"]}]},{"@type":"ImageObject","inLanguage":"fr-FR","@id":"https:\/\/bio-cedron.com\/cedron-bio\/es\/inicio\/#primaryimage","url":"https:\/\/bio-cedron.com\/wp-content\/uploads\/2023\/12\/Video-Cedron-Image-couverture.jpg","contentUrl":"https:\/\/bio-cedron.com\/wp-content\/uploads\/2023\/12\/Video-Cedron-Image-couverture.jpg","width":1920,"height":1080},{"@type":"BreadcrumbList","@id":"https:\/\/bio-cedron.com\/cedron-bio\/es\/inicio\/#breadcrumb","itemListElement":[{"@type":"ListItem","position":1,"name":"Accueil","item":"https:\/\/bio-cedron.com\/cedron-bio\/"},{"@type":"ListItem","position":2,"name":"Inicio"}]},{"@type":"WebSite","@id":"https:\/\/bio-cedron.com\/cedron-bio\/#website","url":"https:\/\/bio-cedron.com\/cedron-bio\/","name":"Cedr\u00f2n","description":"La vie en un fruit !","publisher":{"@id":"https:\/\/bio-cedron.com\/cedron-bio\/#organization"},"potentialAction":[{"@type":"SearchAction","target":{"@type":"EntryPoint","urlTemplate":"https:\/\/bio-cedron.com\/cedron-bio\/?s={search_term_string}"},"query-input":{"@type":"PropertyValueSpecification","valueRequired":true,"valueName":"search_term_string"}}],"inLanguage":"fr-FR"},{"@type":"Organization","@id":"https:\/\/bio-cedron.com\/cedron-bio\/#organization","name":"Cedr\u00f2n","url":"https:\/\/bio-cedron.com\/cedron-bio\/","logo":{"@type":"ImageObject","inLanguage":"fr-FR","@id":"https:\/\/bio-cedron.com\/cedron-bio\/#\/schema\/logo\/image\/","url":"https:\/\/bio-cedron.com\/wp-content\/uploads\/2022\/10\/LOGO-CEDRON-1.png","contentUrl":"https:\/\/bio-cedron.com\/wp-content\/uploads\/2022\/10\/LOGO-CEDRON-1.png","width":2856,"height":1023,"caption":"Cedr\u00f2n"},"image":{"@id":"https:\/\/bio-cedron.com\/cedron-bio\/#\/schema\/logo\/image\/"},"sameAs":["https:\/\/www.instagram.com\/cedron_bio\/"]}]}},"_links":{"self":[{"href":"https:\/\/bio-cedron.com\/cedron-bio\/wp-json\/wp\/v2\/pages\/6104","targetHints":{"allow":["GET"]}}],"collection":[{"href":"https:\/\/bio-cedron.com\/cedron-bio\/wp-json\/wp\/v2\/pages"}],"about":[{"href":"https:\/\/bio-cedron.com\/cedron-bio\/wp-json\/wp\/v2\/types\/page"}],"author":[{"embeddable":true,"href":"https:\/\/bio-cedron.com\/cedron-bio\/wp-json\/wp\/v2\/users\/2"}],"replies":[{"embeddable":true,"href":"https:\/\/bio-cedron.com\/cedron-bio\/wp-json\/wp\/v2\/comments?post=6104"}],"version-history":[{"count":25,"href":"https:\/\/bio-cedron.com\/cedron-bio\/wp-json\/wp\/v2\/pages\/6104\/revisions"}],"predecessor-version":[{"id":6378,"href":"https:\/\/bio-cedron.com\/cedron-bio\/wp-json\/wp\/v2\/pages\/6104\/revisions\/6378"}],"wp:featuredmedia":[{"embeddable":true,"href":"https:\/\/bio-cedron.com\/cedron-bio\/wp-json\/wp\/v2\/media\/4892"}],"wp:attachment":[{"href":"https:\/\/bio-cedron.com\/cedron-bio\/wp-json\/wp\/v2\/media?parent=6104"}],"curies":[{"name":"wp","href":"https:\/\/api.w.org\/{rel}","templated":true}]}}